{"id":5490,"date":"2020-03-06T15:19:44","date_gmt":"2020-03-06T14:19:44","guid":{"rendered":"http:\/\/mindsights.info\/shooting\/"},"modified":"2020-03-06T18:24:04","modified_gmt":"2020-03-06T17:24:04","slug":"shooting","status":"publish","type":"page","link":"https:\/\/mindsights.info\/at\/shooting\/","title":{"rendered":"SHOOTING"},"content":{"rendered":"\n<style type=\"text\/css\" data-created_by=\"avia_inline_auto\" id=\"style-css-av-mhfrk-28182032c3d9306a6bf0a9c679893b5d\">\n.avia-section.av-mhfrk-28182032c3d9306a6bf0a9c679893b5d .av-parallax .av-parallax-inner{\nbackground-repeat:no-repeat;\nbackground-image:url(https:\/\/mindsights.info\/wp-content\/uploads\/NLJ_7948.jpg);\nbackground-position:50% 100%;\nbackground-attachment:scroll;\n}\n.avia-section.av-mhfrk-28182032c3d9306a6bf0a9c679893b5d .av-section-color-overlay{\nopacity:0.3;\nbackground-color:#ffffff;\n}\n<\/style>\n<div id='av_section_1'  class='avia-section av-mhfrk-28182032c3d9306a6bf0a9c679893b5d main_color avia-section-default avia-no-border-styling  avia-builder-el-0  avia-builder-el-no-sibling  avia-full-stretch av-parallax-section avia-bg-style-parallax av-section-color-overlay-active container_wrap sidebar_right'  data-section-bg-repeat='stretch'><div class='av-parallax' data-avia-parallax-ratio='0.3' ><div class='av-parallax-inner main_color avia-full-stretch'><\/div><\/div><div class=\"av-section-color-overlay-wrap\"><div class=\"av-section-color-overlay\"><\/div><div class='container av-section-cont-open' ><main  role=\"main\" itemprop=\"mainContentOfPage\"  class='template-page content  av-content-small alpha units'><div class='post-entry post-entry-type-page post-entry-5490'><div class='entry-content-wrapper clearfix'>\n<div class='flex_column_table av-4h6skg-334a9ea97c62898e1f9c08ebf59f6c13 sc-av_one_half av-equal-height-column-flextable'>\n<style type=\"text\/css\" data-created_by=\"avia_inline_auto\" id=\"style-css-av-4h6skg-334a9ea97c62898e1f9c08ebf59f6c13\">\n#top .flex_column_table.av-equal-height-column-flextable.av-4h6skg-334a9ea97c62898e1f9c08ebf59f6c13{\nmargin-top:-20px;\nmargin-bottom:450px;\n}\n.flex_column.av-4h6skg-334a9ea97c62898e1f9c08ebf59f6c13{\nborder-radius:0px 0px 0px 0px;\npadding:px px px px;\n}\n<\/style>\n<div  class='flex_column av-4h6skg-334a9ea97c62898e1f9c08ebf59f6c13 av_one_half  avia-builder-el-1  el_before_av_one_half  avia-builder-el-first  first flex_column_table_cell av-equal-height-column av-align-top  '     ><article  class='iconbox iconbox_top av-k72ao9a1-c525eefee34ea9ea5e6bb1c95a360605 av-icon-style-no-border  avia-builder-el-2  avia-builder-el-no-sibling  main_color'  itemscope=\"itemscope\" itemtype=\"https:\/\/schema.org\/CreativeWork\" ><div class=\"iconbox_content\"><header class=\"entry-content-header\" aria-label=\"Icon: Pr\u00e4zision f\u00fcr IPSC\"><a href='http:\/\/mindsights.info\/at\/prazision-fur-ipsc\/' title='Pr\u00e4zision f\u00fcr IPSC' aria-label='Pr\u00e4zision f\u00fcr IPSC'  class='iconbox_icon heading-color avia-iconfont avia-font-entypo-fontello' data-av_icon='\ue89a' data-av_iconfont='entypo-fontello' title=\"Pr\u00e4zision f\u00fcr IPSC\" desc=\"Pr\u00e4zision f\u00fcr IPSC\" ><\/a><h3 class='iconbox_content_title '  itemprop=\"headline\" ><a href='http:\/\/mindsights.info\/at\/prazision-fur-ipsc\/' title='Pr\u00e4zision f\u00fcr IPSC' >Pr\u00e4zision f\u00fcr IPSC<\/a><\/h3><\/header><div class='iconbox_content_container '  itemprop=\"text\" ><p>Egal ob Du gerade mit dem IPSC Schiessen anf\u00e4ngst oder schon l\u00e4nger IPSC schiesst &#8211; Deine Treffer entscheiden das Ergebnis!<\/p>\n<\/div><\/div><footer class=\"entry-footer\"><\/footer><\/article><\/div><div class='av-flex-placeholder'><\/div>\n<style type=\"text\/css\" data-created_by=\"avia_inline_auto\" id=\"style-css-av-2s5fmo-ffa6aff3cb9d451784bba5aebfee54ac\">\n#top .flex_column_table.av-equal-height-column-flextable.av-2s5fmo-ffa6aff3cb9d451784bba5aebfee54ac{\nmargin-top:-20px;\nmargin-bottom:450px;\n}\n.flex_column.av-2s5fmo-ffa6aff3cb9d451784bba5aebfee54ac{\nborder-radius:0px 0px 0px 0px;\npadding:px px px px;\n}\n<\/style>\n<div  class='flex_column av-2s5fmo-ffa6aff3cb9d451784bba5aebfee54ac av_one_half  avia-builder-el-3  el_after_av_one_half  avia-builder-el-last  flex_column_table_cell av-equal-height-column av-align-top  '     ><article  class='iconbox iconbox_top av-k72ao9a1-e617161f61ff1e21c93c12384a3539f9  avia-builder-el-4  avia-builder-el-no-sibling  main_color'  itemscope=\"itemscope\" itemtype=\"https:\/\/schema.org\/CreativeWork\" ><div class=\"iconbox_content\"><header class=\"entry-content-header\" aria-label=\"Icon: IPSC Shotgun Basics\"><a href='http:\/\/mindsights.info\/at\/ipsc-shotgun-basics\/' title='IPSC Shotgun Basics' aria-label='IPSC Shotgun Basics'  class='iconbox_icon heading-color avia-iconfont avia-font-entypo-fontello' data-av_icon='\ue89a' data-av_iconfont='entypo-fontello' title=\"IPSC Shotgun Basics\" desc=\"IPSC Shotgun Basics\" ><\/a><h3 class='iconbox_content_title '  itemprop=\"headline\" ><a href='http:\/\/mindsights.info\/at\/ipsc-shotgun-basics\/' title='IPSC Shotgun Basics' >IPSC Shotgun Basics<\/a><\/h3><\/header><div class='iconbox_content_container '  itemprop=\"text\" ><p>IPSC Shotgun ist eine faszinierende und wachsende Division! Lerne die Grundlagen, die Du ben\u00f6tigst um bei internationalen Bewerben mit dabei zu sein!<\/p>\n<\/div><\/div><footer class=\"entry-footer\"><\/footer><\/article><\/div><\/div><!--close column table wrapper. Autoclose: 1 -->\n<\/div><\/div><\/main><!-- close content main element --><\/div><\/div><\/div><div id='after_section_1'  class='main_color av_default_container_wrap container_wrap sidebar_right'  ><div class='container av-section-cont-open' ><div class='template-page content  av-content-small alpha units'><div class='post-entry post-entry-type-page post-entry-5490'><div class='entry-content-wrapper clearfix'>\n","protected":false},"excerpt":{"rendered":"","protected":false},"author":1,"featured_media":5439,"parent":0,"menu_order":0,"comment_status":"closed","ping_status":"closed","template":"","meta":{"footnotes":""},"class_list":["post-5490","page","type-page","status-publish","has-post-thumbnail","hentry"],"_links":{"self":[{"href":"https:\/\/mindsights.info\/at\/wp-json\/wp\/v2\/pages\/5490","targetHints":{"allow":["GET"]}}],"collection":[{"href":"https:\/\/mindsights.info\/at\/wp-json\/wp\/v2\/pages"}],"about":[{"href":"https:\/\/mindsights.info\/at\/wp-json\/wp\/v2\/types\/page"}],"author":[{"embeddable":true,"href":"https:\/\/mindsights.info\/at\/wp-json\/wp\/v2\/users\/1"}],"replies":[{"embeddable":true,"href":"https:\/\/mindsights.info\/at\/wp-json\/wp\/v2\/comments?post=5490"}],"version-history":[{"count":5,"href":"https:\/\/mindsights.info\/at\/wp-json\/wp\/v2\/pages\/5490\/revisions"}],"predecessor-version":[{"id":5504,"href":"https:\/\/mindsights.info\/at\/wp-json\/wp\/v2\/pages\/5490\/revisions\/5504"}],"wp:featuredmedia":[{"embeddable":true,"href":"https:\/\/mindsights.info\/at\/wp-json\/wp\/v2\/media\/5439"}],"wp:attachment":[{"href":"https:\/\/mindsights.info\/at\/wp-json\/wp\/v2\/media?parent=5490"}],"curies":[{"name":"wp","href":"https:\/\/api.w.org\/{rel}","templated":true}]}}