{"id":4786,"date":"2018-12-12T12:23:14","date_gmt":"2018-12-12T11:23:14","guid":{"rendered":"http:\/\/mindsights.info\/about\/"},"modified":"2022-06-06T21:12:56","modified_gmt":"2022-06-06T19:12:56","slug":"about","status":"publish","type":"page","link":"https:\/\/mindsights.info\/at\/about\/","title":{"rendered":"ABOUT"},"content":{"rendered":"\n<style type=\"text\/css\" data-created_by=\"avia_inline_auto\" id=\"style-css-av-eeip19-95c6781300c2a781736f43a7a1c436f2\">\n#top .hr.hr-invisible.av-eeip19-95c6781300c2a781736f43a7a1c436f2{\nheight:20px;\n}\n<\/style>\n<div  class='hr av-eeip19-95c6781300c2a781736f43a7a1c436f2 hr-invisible  avia-builder-el-0  el_before_av_horizontal_gallery  avia-builder-el-no-sibling  av-small-hide av-mini-hide'><span class='hr-inner '><span class=\"hr-inner-style\"><\/span><\/span><\/div>\n\n<style type=\"text\/css\" data-created_by=\"avia_inline_auto\" id=\"style-css-av-d64m65-754a0815e6026c7b50916335a2c4b73f\">\n.av-horizontal-gallery.av-d64m65-754a0815e6026c7b50916335a2c4b73f .av-horizontal-gallery-inner{\npadding-bottom:25%;\n}\n<\/style>\n<div  class='av-horizontal-gallery av-d64m65-754a0815e6026c7b50916335a2c4b73f av-horizontal-gallery-1px-gap av-horizontal-gallery--effect  avia-builder-el-1  el_after_av_hr  el_before_av_section  av-slideshow-ui av-control-default av-slideshow-manual av-loop-once av-loop-manual-endless av-horizontal-gallery-1' data-slideshow-data=\"{&quot;animation&quot;:&quot;slide&quot;,&quot;autoplay&quot;:false,&quot;loop_autoplay&quot;:&quot;once&quot;,&quot;interval&quot;:5,&quot;loop_manual&quot;:&quot;manual-endless&quot;,&quot;autoplay_stopper&quot;:false,&quot;noNavigation&quot;:false,&quot;bg_slider&quot;:false,&quot;keep_padding&quot;:&quot;&quot;,&quot;hoverpause&quot;:false,&quot;show_slide_delay&quot;:0,&quot;initial&quot;:&quot;2&quot;}\"  itemprop=\"image\" itemscope=\"itemscope\" itemtype=\"https:\/\/schema.org\/ImageObject\" ><div class='avia-slideshow-arrows avia-slideshow-controls' ><a href='#prev' class='prev-slide av-horizontal-gallery-prev avia-svg-icon avia-font-svg_entypo-fontello' data-av_svg_icon='left-open-big' data-av_iconset='svg_entypo-fontello' tabindex='-1' title=\"Previous\"><svg version=\"1.1\" xmlns=\"http:\/\/www.w3.org\/2000\/svg\" width=\"15\" height=\"32\" viewBox=\"0 0 15 32\" preserveAspectRatio=\"xMidYMid meet\" aria-labelledby='av-svg-title-1' aria-describedby='av-svg-desc-1' role=\"graphics-symbol\" aria-hidden=\"true\">\n<title id='av-svg-title-1'>Previous<\/title>\n<desc id='av-svg-desc-1'>Previous<\/desc>\n<path d=\"M14.464 27.84q0.832 0.832 0 1.536-0.832 0.832-1.536 0l-12.544-12.608q-0.768-0.768 0-1.6l12.544-12.608q0.704-0.832 1.536 0 0.832 0.704 0 1.536l-11.456 11.904z\"><\/path>\n<\/svg><span class='avia_hidden_link_text'>Previous<\/span><\/a><a href='#next' class='next-slide av-horizontal-gallery-next avia-svg-icon avia-font-svg_entypo-fontello' data-av_svg_icon='right-open-big' data-av_iconset='svg_entypo-fontello' tabindex='-1' title=\"Next\"><svg version=\"1.1\" xmlns=\"http:\/\/www.w3.org\/2000\/svg\" width=\"15\" height=\"32\" viewBox=\"0 0 15 32\" preserveAspectRatio=\"xMidYMid meet\" aria-labelledby='av-svg-title-2' aria-describedby='av-svg-desc-2' role=\"graphics-symbol\" aria-hidden=\"true\">\n<title id='av-svg-title-2'>Next<\/title>\n<desc id='av-svg-desc-2'>Next<\/desc>\n<path d=\"M0.416 27.84l11.456-11.84-11.456-11.904q-0.832-0.832 0-1.536 0.832-0.832 1.536 0l12.544 12.608q0.768 0.832 0 1.6l-12.544 12.608q-0.704 0.832-1.536 0-0.832-0.704 0-1.536z\"><\/path>\n<\/svg><span class='avia_hidden_link_text'>Next<\/span><\/a><\/div><div class='avia-slideshow-dots avia-slideshow-controls av-horizontal-gallery-dots fade-in'><a href='#1' class='goto-slide active' >1<\/a><a href='#2' class='goto-slide ' >2<\/a><a href='#3' class='goto-slide ' >3<\/a><a href='#4' class='goto-slide ' >4<\/a><a href='#5' class='goto-slide ' >5<\/a><a href='#6' class='goto-slide ' >6<\/a><a href='#7' class='goto-slide ' >7<\/a><\/div><div class='av-horizontal-gallery-inner' data-av-height='25'><div class=\"av-horizontal-gallery-slider\"><div class=\"av-horizontal-gallery-wrap noHover\"><img decoding=\"async\" loading=\"lazy\" class='wp-image-4775 avia-img-lazy-loading-4775 av-horizontal-gallery-img' width=\"1030\" height=\"688\" src=\"https:\/\/mindsights.info\/wp-content\/uploads\/34537160_10156345145139780_5403181425165860864_n-1030x688.jpg\" title='34537160_10156345145139780_5403181425165860864_n' alt='' srcset=\"https:\/\/mindsights.info\/wp-content\/uploads\/34537160_10156345145139780_5403181425165860864_n-1030x688.jpg 1030w, https:\/\/mindsights.info\/wp-content\/uploads\/34537160_10156345145139780_5403181425165860864_n-300x200.jpg 300w, https:\/\/mindsights.info\/wp-content\/uploads\/34537160_10156345145139780_5403181425165860864_n-768x513.jpg 768w, https:\/\/mindsights.info\/wp-content\/uploads\/34537160_10156345145139780_5403181425165860864_n-1500x1001.jpg 1500w, https:\/\/mindsights.info\/wp-content\/uploads\/34537160_10156345145139780_5403181425165860864_n-705x471.jpg 705w, https:\/\/mindsights.info\/wp-content\/uploads\/34537160_10156345145139780_5403181425165860864_n-450x300.jpg 450w, https:\/\/mindsights.info\/wp-content\/uploads\/34537160_10156345145139780_5403181425165860864_n.jpg 2000w\" sizes=\"auto, (max-width: 1030px) 100vw, 1030px\" \/><\/div><div class=\"av-horizontal-gallery-wrap noHover\"><img decoding=\"async\" loading=\"lazy\" class='wp-image-4588 avia-img-lazy-loading-4588 av-horizontal-gallery-img' width=\"1030\" height=\"686\" src=\"https:\/\/mindsights.info\/wp-content\/uploads\/Portrait-1030x686.jpeg\" title='Portrait' alt='' srcset=\"https:\/\/mindsights.info\/wp-content\/uploads\/Portrait-1030x686.jpeg 1030w, https:\/\/mindsights.info\/wp-content\/uploads\/Portrait-300x200.jpeg 300w, https:\/\/mindsights.info\/wp-content\/uploads\/Portrait-768x512.jpeg 768w, https:\/\/mindsights.info\/wp-content\/uploads\/Portrait-705x470.jpeg 705w, https:\/\/mindsights.info\/wp-content\/uploads\/Portrait-450x300.jpeg 450w, https:\/\/mindsights.info\/wp-content\/uploads\/Portrait.jpeg 1280w\" sizes=\"auto, (max-width: 1030px) 100vw, 1030px\" \/><\/div><div class=\"av-horizontal-gallery-wrap noHover\"><img decoding=\"async\" loading=\"lazy\" class='wp-image-4724 avia-img-lazy-loading-4724 av-horizontal-gallery-img' width=\"480\" height=\"360\" src=\"https:\/\/mindsights.info\/wp-content\/uploads\/0516_AustrianOpen_IPSC-0101-web960-1.jpg\" title='0516_AustrianOpen_IPSC-0101-web960' alt='' srcset=\"https:\/\/mindsights.info\/wp-content\/uploads\/0516_AustrianOpen_IPSC-0101-web960-1.jpg 480w, https:\/\/mindsights.info\/wp-content\/uploads\/0516_AustrianOpen_IPSC-0101-web960-1-300x225.jpg 300w, https:\/\/mindsights.info\/wp-content\/uploads\/0516_AustrianOpen_IPSC-0101-web960-1-450x338.jpg 450w\" sizes=\"auto, (max-width: 480px) 100vw, 480px\" \/><\/div><div class=\"av-horizontal-gallery-wrap noHover\"><img decoding=\"async\" loading=\"lazy\" class='wp-image-4773 avia-img-lazy-loading-4773 av-horizontal-gallery-img' width=\"1030\" height=\"688\" src=\"https:\/\/mindsights.info\/wp-content\/uploads\/34447637_10156345145494780_9030542998995206144_n-1030x688.jpg\" title='34447637_10156345145494780_9030542998995206144_n' alt='' srcset=\"https:\/\/mindsights.info\/wp-content\/uploads\/34447637_10156345145494780_9030542998995206144_n-1030x688.jpg 1030w, https:\/\/mindsights.info\/wp-content\/uploads\/34447637_10156345145494780_9030542998995206144_n-300x200.jpg 300w, https:\/\/mindsights.info\/wp-content\/uploads\/34447637_10156345145494780_9030542998995206144_n-768x513.jpg 768w, https:\/\/mindsights.info\/wp-content\/uploads\/34447637_10156345145494780_9030542998995206144_n-1500x1001.jpg 1500w, https:\/\/mindsights.info\/wp-content\/uploads\/34447637_10156345145494780_9030542998995206144_n-705x471.jpg 705w, https:\/\/mindsights.info\/wp-content\/uploads\/34447637_10156345145494780_9030542998995206144_n-450x300.jpg 450w, https:\/\/mindsights.info\/wp-content\/uploads\/34447637_10156345145494780_9030542998995206144_n.jpg 2000w\" sizes=\"auto, (max-width: 1030px) 100vw, 1030px\" \/><\/div><div class=\"av-horizontal-gallery-wrap noHover\"><img decoding=\"async\" loading=\"lazy\" class='wp-image-4712 avia-img-lazy-loading-4712 av-horizontal-gallery-img' width=\"1030\" height=\"685\" src=\"https:\/\/mindsights.info\/wp-content\/uploads\/NLJ_7876-1030x685.jpg\" title='NLJ_7876' alt='' srcset=\"https:\/\/mindsights.info\/wp-content\/uploads\/NLJ_7876-1030x685.jpg 1030w, https:\/\/mindsights.info\/wp-content\/uploads\/NLJ_7876-300x200.jpg 300w, https:\/\/mindsights.info\/wp-content\/uploads\/NLJ_7876-768x511.jpg 768w, https:\/\/mindsights.info\/wp-content\/uploads\/NLJ_7876-1500x998.jpg 1500w, https:\/\/mindsights.info\/wp-content\/uploads\/NLJ_7876-705x469.jpg 705w, https:\/\/mindsights.info\/wp-content\/uploads\/NLJ_7876-450x299.jpg 450w, https:\/\/mindsights.info\/wp-content\/uploads\/NLJ_7876.jpg 2048w\" sizes=\"auto, (max-width: 1030px) 100vw, 1030px\" \/><\/div><div class=\"av-horizontal-gallery-wrap noHover\"><img decoding=\"async\" loading=\"lazy\" class='wp-image-4748 avia-img-lazy-loading-4748 av-horizontal-gallery-img' width=\"1030\" height=\"682\" src=\"https:\/\/mindsights.info\/wp-content\/uploads\/IGP1189-1030x682.jpg\" title='WorldShoot 2017 - Karin tara Peer' alt='' srcset=\"https:\/\/mindsights.info\/wp-content\/uploads\/IGP1189-1030x682.jpg 1030w, https:\/\/mindsights.info\/wp-content\/uploads\/IGP1189-300x199.jpg 300w, https:\/\/mindsights.info\/wp-content\/uploads\/IGP1189-768x509.jpg 768w, https:\/\/mindsights.info\/wp-content\/uploads\/IGP1189-1500x993.jpg 1500w, https:\/\/mindsights.info\/wp-content\/uploads\/IGP1189-705x467.jpg 705w, https:\/\/mindsights.info\/wp-content\/uploads\/IGP1189-450x298.jpg 450w, https:\/\/mindsights.info\/wp-content\/uploads\/IGP1189.jpg 2048w\" sizes=\"auto, (max-width: 1030px) 100vw, 1030px\" \/><\/div><div class=\"av-horizontal-gallery-wrap noHover\"><img decoding=\"async\" loading=\"lazy\" class='wp-image-4723 avia-img-lazy-loading-4723 av-horizontal-gallery-img' width=\"899\" height=\"674\" src=\"https:\/\/mindsights.info\/wp-content\/uploads\/IMG_3085-1.jpg\" title='IMG_3085' alt='' srcset=\"https:\/\/mindsights.info\/wp-content\/uploads\/IMG_3085-1.jpg 899w, https:\/\/mindsights.info\/wp-content\/uploads\/IMG_3085-1-300x225.jpg 300w, https:\/\/mindsights.info\/wp-content\/uploads\/IMG_3085-1-768x576.jpg 768w, https:\/\/mindsights.info\/wp-content\/uploads\/IMG_3085-1-705x529.jpg 705w, https:\/\/mindsights.info\/wp-content\/uploads\/IMG_3085-1-450x337.jpg 450w\" sizes=\"auto, (max-width: 899px) 100vw, 899px\" \/><\/div><\/div><\/div><\/div>\n<div id='av_section_1'  class='avia-section av-avoibh-eca8e55d19116e89923dd31a58e2dd7e main_color avia-section-small avia-no-shadow  avia-builder-el-2  el_after_av_horizontal_gallery  el_before_av_section  avia-bg-style-scroll container_wrap sidebar_right'  ><div class='container av-section-cont-open' ><div class='template-page content  av-content-small alpha units'><div class='post-entry post-entry-type-page post-entry-4786'><div class='entry-content-wrapper clearfix'>\n\n<style type=\"text\/css\" data-created_by=\"avia_inline_auto\" id=\"style-css-av-jujvs82n-a2ad42696e8d0aacd65ad91f30523253\">\n#top .av-special-heading.av-jujvs82n-a2ad42696e8d0aacd65ad91f30523253{\npadding-bottom:0;\nfont-size:30px;\n}\nbody .av-special-heading.av-jujvs82n-a2ad42696e8d0aacd65ad91f30523253 .av-special-heading-tag .heading-char{\nfont-size:25px;\n}\n#top #wrap_all .av-special-heading.av-jujvs82n-a2ad42696e8d0aacd65ad91f30523253 .av-special-heading-tag{\nfont-size:30px;\n}\n.av-special-heading.av-jujvs82n-a2ad42696e8d0aacd65ad91f30523253 .av-subheading{\nfont-size:15px;\n}\n\n@media only screen and (min-width: 480px) and (max-width: 767px){ \n#top #wrap_all .av-special-heading.av-jujvs82n-a2ad42696e8d0aacd65ad91f30523253 .av-special-heading-tag{\nfont-size:0.8em;\n}\n}\n\n@media only screen and (max-width: 479px){ \n#top #wrap_all .av-special-heading.av-jujvs82n-a2ad42696e8d0aacd65ad91f30523253 .av-special-heading-tag{\nfont-size:0.8em;\n}\n}\n<\/style>\n<div  class='av-special-heading av-jujvs82n-a2ad42696e8d0aacd65ad91f30523253 av-special-heading-h1 blockquote modern-quote modern-centered  avia-builder-el-3  avia-builder-el-no-sibling  av-inherit-size'><h1 class='av-special-heading-tag '  itemprop=\"headline\"  >LEIDENSCHAFT UND ENTSCHLOSSENHEIT &#8211; \u00dcBER MINDSIGHTS<\/h1><div class=\"special-heading-border\"><div class=\"special-heading-inner-border\"><\/div><\/div><\/div>\n\n<\/div><\/div><\/div><!-- close content main div --><\/div><\/div><div id='av_section_2'  class='avia-section av-7xvs4d-fd163be5871ff29a6d9dc32443e1807d main_color avia-section-no-padding avia-no-shadow  avia-builder-el-4  el_after_av_section  el_before_av_hr  avia-bg-style-scroll container_wrap sidebar_right'  ><div class='container av-section-cont-open' ><div class='template-page content  av-content-small alpha units'><div class='post-entry post-entry-type-page post-entry-4786'><div class='entry-content-wrapper clearfix'>\n\n<style type=\"text\/css\" data-created_by=\"avia_inline_auto\" id=\"style-css-av-58ojwd-a04120c34f6c60df16ae5d4d3156dec6\">\n.flex_column.av-58ojwd-a04120c34f6c60df16ae5d4d3156dec6{\nborder-radius:0px 0px 0px 0px;\npadding:0px 0px 0px 0px;\n}\n<\/style>\n<div  class='flex_column av-58ojwd-a04120c34f6c60df16ae5d4d3156dec6 av_one_full  avia-builder-el-5  avia-builder-el-no-sibling  first flex_column_div av-zero-column-padding  '     ><section  class='av_textblock_section av-3s3c19-4213bb48ceaee48f7964bae969d95582 '   itemscope=\"itemscope\" itemtype=\"https:\/\/schema.org\/CreativeWork\" ><div class='avia_textblock'  itemprop=\"text\" ><p>Nach dem Betriebswirtschafts Studium verbrachte ich zwei Jahrzehnte in leitender Position in der Versicherungsbranche.<br \/>\nMein Leben lang hatte ich bereits Kurse und Seminare im Bereich Psychologie, sowie Menschen &#8211; F\u00fchrung und Begleitung in Entwicklungsprozessen besucht.<\/p>\n<p>2008 habe ich deshalb beschlossen, mich dem zu widmen, was ich am besten kann: Menschen dabei zu begleiten ihre Ziele zu erreichen.<\/p>\n<p>Seither arbeite ich als selbstst\u00e4ndige Unternehmensberaterin und Diplomierte Systemische Beraterin und Coach, sowie als Sportpsychologische Trainerin.<\/p>\n<p>Meine T\u00e4tigkeiten sind Downshifting Coaching f\u00fcr Unternehmen und Einzelpersonen zur Burnout Prophylaxe und Sportpsychologische Trainerin und Coach f\u00fcr Einzelsportler, Teams und Vereine.<\/p>\n<p>Mit MindSights verbinde ich mein Wissen und meine Erfahrungen aus Management und Coaching mit meinem breitgestreuten Wissen aus dem Bereich der Sport &#8211; Psychologie und dem mentalen Training.<\/p>\n<h1>Mein Background:<\/h1>\n<ul>\n<li>Studium Betriebswirtschaftslehre<\/li>\n<li>Diplom Sportpsychologisches Training<\/li>\n<li>Diplom Systemische Beratung und Coaching<\/li>\n<\/ul>\n<h1><\/h1>\n<h1>Spezielle Fertigkeiten:<\/h1>\n<ul>\n<li>Hypnotherapie<\/li>\n<li>Systemische Organisationsberatung<\/li>\n<li>Familienaufstellung und Organisationsaufstellung<\/li>\n<li>Posturale Integration<\/li>\n<li>Embodiment<\/li>\n<li>Yoga<\/li>\n<li>Tai Chi Chuan<\/li>\n<\/ul>\n<h1><\/h1>\n<h1>Mein Sport:<\/h1>\n<ul>\n<li>Schiessen<\/li>\n<li>Yoga<\/li>\n<li>Laufen<\/li>\n<li>Fr\u00fchere Sportarten: Golf, Boxen, Crossfit und Tennis<\/li>\n<\/ul>\n<h1><\/h1>\n<h1>Meine Erfolge im Schie\u00dfsport:<\/h1>\n<p>2022:<br \/>\n1. Platz und Presidents Medal IPSC Shotgun Standard Ladies beim Shotgun Cup in Deutschland<\/p>\n<p>2021:<br \/>\n1. Platz Beretta Gold Cup IPSC Shotgun Standard Ladies in Agna, Italien<br \/>\n1. Platz und Presidents Medal IPSC Shotgun Standard Ladies bei der Deutschen Meisterschaft<\/p>\n<p>2020:<br \/>\n1. Platz und Presidents Medal IPSC Shotgun Standard Ladies bei der Deutschen Meisterschaft<br \/>\n1. Platz und Presidents Medal IPSC Shotgun Standard Ladies beim Shotgun Cup in Deutschland<\/p>\n<p>2019:<br \/>\n1. Platz und Presidents Medal IPSC Shotgun Standard Ladies bei der Scottish Championship<\/p>\n<p>2018:<br \/>\n1. Platz und Presidents Medal IPSC Shotgun Standard Ladies bei der Scottish Championship<br \/>\n1. Platz und Presidents Medal IPSC Shotgun Standard Ladies beim MOS Summer 2018 in Tschechien<\/p>\n<p>Mitglied des Standard Overall Teams bei der IPSC Shotgun Weltmeisterschaft in Frankreich<\/p>\n<p>2017:<br \/>\n1. Platz und Presidents Medal IPSC Shotgun Standard Ladies bei der Deutschen Meisterschaft<br \/>\n1. Platz und Presidents Medal IPSC Shotgun Standard Ladies beim Shotgun Cup in Deutschland<\/p>\n<p>Mitglied des Standard Ladies Teams bei der IPSC Handgun Weltmeisterschaft in Frankreich<\/p>\n<p>2016:<br \/>\n2. Platz mit dem Standard Ladies Team bei der IPSC Handgun European Championship<br \/>\n1. Platz und Presidents Medal IPSC Shotgun Standard Ladies beim Fiocchi Shotgun Cup in Deutschland<\/p>\n<p>2015:<br \/>\nWiener Landesmeisterin IPSC Handgun Standard<\/p>\n<p>2014:<br \/>\nWiener Landesmeisterin IPSC Handgun Production<\/p>\n<p>2013:<br \/>\nWiener Landesmeisterin IPSC Handgun Production<br \/>\nWiener Landesmeisterin SGKP<br \/>\n3. Platz Damen bei der \u00d6sterreichischen Meisterschaft SGKP<\/p>\n<p>Wenn Du mehr erfahren m\u00f6chtest, <a href=\"mailto:karin@mindsights.at\">kontaktiere mich<\/a> bitte jederzeit gerne!<\/p>\n<\/div><\/section><\/div><\/div><\/div><\/div><!-- close content main div --><\/div><\/div><div id='after_section_2'  class='main_color av_default_container_wrap container_wrap sidebar_right'  ><div class='container av-section-cont-open' ><div class='template-page content  av-content-small alpha units'><div class='post-entry post-entry-type-page post-entry-4786'><div class='entry-content-wrapper clearfix'>\n<style type=\"text\/css\" data-created_by=\"avia_inline_auto\" id=\"style-css-av-2hct1p-7b87c2f5b5acae9833cb0ce6b987015a\">\n#top .hr.hr-invisible.av-2hct1p-7b87c2f5b5acae9833cb0ce6b987015a{\nheight:5px;\n}\n<\/style>\n<div  class='hr av-2hct1p-7b87c2f5b5acae9833cb0ce6b987015a hr-invisible  avia-builder-el-7  el_after_av_section  avia-builder-el-no-sibling '><span class='hr-inner '><span class=\"hr-inner-style\"><\/span><\/span><\/div><\/p>\n","protected":false},"excerpt":{"rendered":"","protected":false},"author":1,"featured_media":0,"parent":0,"menu_order":0,"comment_status":"closed","ping_status":"closed","template":"","meta":{"footnotes":""},"class_list":["post-4786","page","type-page","status-publish","hentry"],"_links":{"self":[{"href":"https:\/\/mindsights.info\/at\/wp-json\/wp\/v2\/pages\/4786","targetHints":{"allow":["GET"]}}],"collection":[{"href":"https:\/\/mindsights.info\/at\/wp-json\/wp\/v2\/pages"}],"about":[{"href":"https:\/\/mindsights.info\/at\/wp-json\/wp\/v2\/types\/page"}],"author":[{"embeddable":true,"href":"https:\/\/mindsights.info\/at\/wp-json\/wp\/v2\/users\/1"}],"replies":[{"embeddable":true,"href":"https:\/\/mindsights.info\/at\/wp-json\/wp\/v2\/comments?post=4786"}],"version-history":[{"count":19,"href":"https:\/\/mindsights.info\/at\/wp-json\/wp\/v2\/pages\/4786\/revisions"}],"predecessor-version":[{"id":5834,"href":"https:\/\/mindsights.info\/at\/wp-json\/wp\/v2\/pages\/4786\/revisions\/5834"}],"wp:attachment":[{"href":"https:\/\/mindsights.info\/at\/wp-json\/wp\/v2\/media?parent=4786"}],"curies":[{"name":"wp","href":"https:\/\/api.w.org\/{rel}","templated":true}]}}